{"id":1503,"date":"2022-03-25T15:14:50","date_gmt":"2022-03-25T14:14:50","guid":{"rendered":"https:\/\/byshiona.de\/?post_type=product&#038;p=1503"},"modified":"2023-11-13T14:52:59","modified_gmt":"2023-11-13T13:52:59","slug":"knitting-instruction-gaedingar-sweater","status":"publish","type":"product","link":"https:\/\/byshiona.de\/en\/produkt\/knitting-instruction-gaedingar-sweater\/","title":{"rendered":"Knitting instruction G\u00e6\u00f0ingar sweater"},"content":{"rendered":"<p>L\u00e9ttlopi, 4 er circular needles, bottom up<\/p>\n<p><strong>Knitting Sample<\/strong>:<br \/>\n10 x 10 cm = 18 stitches x 20 rows<\/p>\n<p><strong>Sizes<\/strong> :<br \/>\nS: 41 cm (chest width)<br \/>\nM: 44 cm<br \/>\nL: 56 cm<br \/>\nMeasure the length for the sleeves and body individually<\/p>\n<p><strong>Difficulty level<\/strong>: \u2b50\ufe0f\u2b50\ufe0f-\u2b50\ufe0f\u2b50\ufe0f\u2b50\ufe0f (out of 3 stars) The pattern is a bit illogical and has long threads and is also with three colors. The flag sweater is a bit simpler because the horse is one color.<\/p>\n<p><strong>Wool<\/strong>:<br \/>\nL\u00e9ttlopi basic color<br \/>\nL\u00e9ttlopi black 0059 7x<br \/>\nL\u00e9ttlopi Beige 0085 4x<br \/>\nFor the horse and the pattern<br \/>\nL\u00e9ttlopi red-brown 9427 2x<br \/>\nL\u00e9ttlopi light beige 1418 1x<br \/>\nFor the flag sweater:<br \/>\nL\u00e9ttlopi gray 0056 8\/10 x<br \/>\nL\u00e9ttlopi blue 1403 1x<br \/>\nL\u00e9ttlopi red 9434 and white 0051, anthracite 0005 1 x each<\/p>\n","protected":false},"excerpt":{"rendered":"<p>Knitting instruction G\u00e6\u00f0ingar sweater<\/p>\n","protected":false},"featured_media":757,"template":"","meta":[],"product_brand":[],"product_cat":[59],"product_tag":[],"class_list":{"0":"post-1503","1":"product","2":"type-product","3":"status-publish","4":"has-post-thumbnail","6":"product_cat-knitting-pattern","8":"first","9":"instock","10":"downloadable","11":"virtual","12":"sold-individually","13":"purchasable","14":"product-type-simple"},"jetpack_sharing_enabled":true,"_links":{"self":[{"href":"https:\/\/byshiona.de\/en\/wp-json\/wp\/v2\/product\/1503","targetHints":{"allow":["GET"]}}],"collection":[{"href":"https:\/\/byshiona.de\/en\/wp-json\/wp\/v2\/product"}],"about":[{"href":"https:\/\/byshiona.de\/en\/wp-json\/wp\/v2\/types\/product"}],"wp:featuredmedia":[{"embeddable":true,"href":"https:\/\/byshiona.de\/en\/wp-json\/wp\/v2\/media\/757"}],"wp:attachment":[{"href":"https:\/\/byshiona.de\/en\/wp-json\/wp\/v2\/media?parent=1503"}],"wp:term":[{"taxonomy":"product_brand","embeddable":true,"href":"https:\/\/byshiona.de\/en\/wp-json\/wp\/v2\/product_brand?post=1503"},{"taxonomy":"product_cat","embeddable":true,"href":"https:\/\/byshiona.de\/en\/wp-json\/wp\/v2\/product_cat?post=1503"},{"taxonomy":"product_tag","embeddable":true,"href":"https:\/\/byshiona.de\/en\/wp-json\/wp\/v2\/product_tag?post=1503"}],"curies":[{"name":"wp","href":"https:\/\/api.w.org\/{rel}","templated":true}]}}